{"id":55,"date":"2024-03-01T10:25:07","date_gmt":"2024-03-01T13:25:07","guid":{"rendered":"https:\/\/agenciaf2f.com\/lp\/lp-conteudos-copy\/"},"modified":"2024-03-04T10:31:06","modified_gmt":"2024-03-04T13:31:06","slug":"cmos","status":"publish","type":"page","link":"https:\/\/agenciaf2f.com\/lp\/cmos\/","title":{"rendered":"CMO&#8217;s &#8211; Estudo"},"content":{"rendered":"\n<p>N\u00f3s da F2F em parceria com a\u00a0<a href=\"https:\/\/www.linkedin.com\/in\/ACoAAD76xcIBgtlJrFQd-lbHixiURVkbLerp6Yw\" target=\"_blank\" rel=\"noreferrer noopener\">Meio e Mensagem<\/a>, realizamos um estudo conduzido pelo professor Felipe Bog\u00e9a, no qual <strong>mapeamos os 10 CMOs mais influentes no LinkedIn<\/strong> e mostramos suas melhores pr\u00e1ticas para que, ter uma presen\u00e7a digital robusta n\u00e3o seja uma miss\u00e3o imposs\u00edvel.<br><br>N\u00f3s te ajudamos a entender os caminhos das pedras que os heads de marketing fazem e por que n\u00e3o percorr\u00ea-los?<br><strong>Cadastre-se<\/strong> para acessar o download do estudo na \u00edntegra:<\/p>\n\n\n\n<p><br><\/p>\n","protected":false},"excerpt":{"rendered":"<p>N\u00f3s da F2F em parceria com a\u00a0Meio e Mensagem, realizamos um estudo conduzido pelo professor Felipe Bog\u00e9a, no qual mapeamos os 10 CMOs mais influentes no LinkedIn e mostramos suas melhores pr\u00e1ticas para que, ter uma presen\u00e7a digital robusta n\u00e3o seja uma miss\u00e3o imposs\u00edvel. N\u00f3s te ajudamos a entender os caminhos das pedras que os [&hellip;]<\/p>\n","protected":false},"author":1,"featured_media":0,"parent":0,"menu_order":0,"comment_status":"closed","ping_status":"closed","template":"pages\/conteudos.php","meta":{"_acf_changed":false,"footnotes":""},"class_list":["post-55","page","type-page","status-publish","hentry"],"acf":[],"yoast_head":"<!-- This site is optimized with the Yoast SEO plugin v27.6 - https:\/\/yoast.com\/product\/yoast-seo-wordpress\/ -->\n<title>CMO&#039;s - Estudo - Ag\u00eancia F2F - LPs<\/title>\n<meta name=\"robots\" content=\"index, follow, max-snippet:-1, max-image-preview:large, max-video-preview:-1\" \/>\n<link rel=\"canonical\" href=\"https:\/\/agenciaf2f.com\/lp\/cmos\/\" \/>\n<meta property=\"og:locale\" content=\"pt_BR\" \/>\n<meta property=\"og:type\" content=\"article\" \/>\n<meta property=\"og:title\" content=\"CMO&#039;s - Estudo - Ag\u00eancia F2F - LPs\" \/>\n<meta property=\"og:description\" content=\"N\u00f3s da F2F em parceria com a\u00a0Meio e Mensagem, realizamos um estudo conduzido pelo professor Felipe Bog\u00e9a, no qual mapeamos os 10 CMOs mais influentes no LinkedIn e mostramos suas melhores pr\u00e1ticas para que, ter uma presen\u00e7a digital robusta n\u00e3o seja uma miss\u00e3o imposs\u00edvel. N\u00f3s te ajudamos a entender os caminhos das pedras que os [&hellip;]\" \/>\n<meta property=\"og:url\" content=\"https:\/\/agenciaf2f.com\/lp\/cmos\/\" \/>\n<meta property=\"og:site_name\" content=\"Ag\u00eancia F2F - LPs\" \/>\n<meta property=\"article:modified_time\" content=\"2024-03-04T13:31:06+00:00\" \/>\n<meta name=\"twitter:card\" content=\"summary_large_image\" \/>\n<script type=\"application\/ld+json\" class=\"yoast-schema-graph\">{\"@context\":\"https:\\\/\\\/schema.org\",\"@graph\":[{\"@type\":\"WebPage\",\"@id\":\"https:\\\/\\\/agenciaf2f.com\\\/lp\\\/cmos\\\/\",\"url\":\"https:\\\/\\\/agenciaf2f.com\\\/lp\\\/cmos\\\/\",\"name\":\"CMO's - Estudo - Ag\u00eancia F2F - LPs\",\"isPartOf\":{\"@id\":\"https:\\\/\\\/agenciaf2f.com\\\/lp\\\/#website\"},\"datePublished\":\"2024-03-01T13:25:07+00:00\",\"dateModified\":\"2024-03-04T13:31:06+00:00\",\"breadcrumb\":{\"@id\":\"https:\\\/\\\/agenciaf2f.com\\\/lp\\\/cmos\\\/#breadcrumb\"},\"inLanguage\":\"pt-BR\",\"potentialAction\":[{\"@type\":\"ReadAction\",\"target\":[\"https:\\\/\\\/agenciaf2f.com\\\/lp\\\/cmos\\\/\"]}]},{\"@type\":\"BreadcrumbList\",\"@id\":\"https:\\\/\\\/agenciaf2f.com\\\/lp\\\/cmos\\\/#breadcrumb\",\"itemListElement\":[{\"@type\":\"ListItem\",\"position\":1,\"name\":\"In\u00edcio\",\"item\":\"https:\\\/\\\/agenciaf2f.com\\\/lp\\\/\"},{\"@type\":\"ListItem\",\"position\":2,\"name\":\"CMO&#8217;s &#8211; Estudo\"}]},{\"@type\":\"WebSite\",\"@id\":\"https:\\\/\\\/agenciaf2f.com\\\/lp\\\/#website\",\"url\":\"https:\\\/\\\/agenciaf2f.com\\\/lp\\\/\",\"name\":\"Ag\u00eancia F2F - LPs\",\"description\":\"\",\"potentialAction\":[{\"@type\":\"SearchAction\",\"target\":{\"@type\":\"EntryPoint\",\"urlTemplate\":\"https:\\\/\\\/agenciaf2f.com\\\/lp\\\/?s={search_term_string}\"},\"query-input\":{\"@type\":\"PropertyValueSpecification\",\"valueRequired\":true,\"valueName\":\"search_term_string\"}}],\"inLanguage\":\"pt-BR\"}]}<\/script>\n<!-- \/ Yoast SEO plugin. -->","yoast_head_json":{"title":"CMO's - Estudo - Ag\u00eancia F2F - LPs","robots":{"index":"index","follow":"follow","max-snippet":"max-snippet:-1","max-image-preview":"max-image-preview:large","max-video-preview":"max-video-preview:-1"},"canonical":"https:\/\/agenciaf2f.com\/lp\/cmos\/","og_locale":"pt_BR","og_type":"article","og_title":"CMO's - Estudo - Ag\u00eancia F2F - LPs","og_description":"N\u00f3s da F2F em parceria com a\u00a0Meio e Mensagem, realizamos um estudo conduzido pelo professor Felipe Bog\u00e9a, no qual mapeamos os 10 CMOs mais influentes no LinkedIn e mostramos suas melhores pr\u00e1ticas para que, ter uma presen\u00e7a digital robusta n\u00e3o seja uma miss\u00e3o imposs\u00edvel. N\u00f3s te ajudamos a entender os caminhos das pedras que os [&hellip;]","og_url":"https:\/\/agenciaf2f.com\/lp\/cmos\/","og_site_name":"Ag\u00eancia F2F - LPs","article_modified_time":"2024-03-04T13:31:06+00:00","twitter_card":"summary_large_image","schema":{"@context":"https:\/\/schema.org","@graph":[{"@type":"WebPage","@id":"https:\/\/agenciaf2f.com\/lp\/cmos\/","url":"https:\/\/agenciaf2f.com\/lp\/cmos\/","name":"CMO's - Estudo - Ag\u00eancia F2F - LPs","isPartOf":{"@id":"https:\/\/agenciaf2f.com\/lp\/#website"},"datePublished":"2024-03-01T13:25:07+00:00","dateModified":"2024-03-04T13:31:06+00:00","breadcrumb":{"@id":"https:\/\/agenciaf2f.com\/lp\/cmos\/#breadcrumb"},"inLanguage":"pt-BR","potentialAction":[{"@type":"ReadAction","target":["https:\/\/agenciaf2f.com\/lp\/cmos\/"]}]},{"@type":"BreadcrumbList","@id":"https:\/\/agenciaf2f.com\/lp\/cmos\/#breadcrumb","itemListElement":[{"@type":"ListItem","position":1,"name":"In\u00edcio","item":"https:\/\/agenciaf2f.com\/lp\/"},{"@type":"ListItem","position":2,"name":"CMO&#8217;s &#8211; Estudo"}]},{"@type":"WebSite","@id":"https:\/\/agenciaf2f.com\/lp\/#website","url":"https:\/\/agenciaf2f.com\/lp\/","name":"Ag\u00eancia F2F - LPs","description":"","potentialAction":[{"@type":"SearchAction","target":{"@type":"EntryPoint","urlTemplate":"https:\/\/agenciaf2f.com\/lp\/?s={search_term_string}"},"query-input":{"@type":"PropertyValueSpecification","valueRequired":true,"valueName":"search_term_string"}}],"inLanguage":"pt-BR"}]}},"_links":{"self":[{"href":"https:\/\/agenciaf2f.com\/lp\/wp-json\/wp\/v2\/pages\/55","targetHints":{"allow":["GET"]}}],"collection":[{"href":"https:\/\/agenciaf2f.com\/lp\/wp-json\/wp\/v2\/pages"}],"about":[{"href":"https:\/\/agenciaf2f.com\/lp\/wp-json\/wp\/v2\/types\/page"}],"author":[{"embeddable":true,"href":"https:\/\/agenciaf2f.com\/lp\/wp-json\/wp\/v2\/users\/1"}],"replies":[{"embeddable":true,"href":"https:\/\/agenciaf2f.com\/lp\/wp-json\/wp\/v2\/comments?post=55"}],"version-history":[{"count":8,"href":"https:\/\/agenciaf2f.com\/lp\/wp-json\/wp\/v2\/pages\/55\/revisions"}],"predecessor-version":[{"id":73,"href":"https:\/\/agenciaf2f.com\/lp\/wp-json\/wp\/v2\/pages\/55\/revisions\/73"}],"wp:attachment":[{"href":"https:\/\/agenciaf2f.com\/lp\/wp-json\/wp\/v2\/media?parent=55"}],"curies":[{"name":"wp","href":"https:\/\/api.w.org\/{rel}","templated":true}]}}