{"id":962,"date":"2025-04-02T14:10:09","date_gmt":"2025-04-02T17:10:09","guid":{"rendered":"https:\/\/agenciaf2f.com\/lp\/f2f-filmes-com-ia-copy\/"},"modified":"2025-08-27T17:55:52","modified_gmt":"2025-08-27T20:55:52","slug":"marketing-de-saude","status":"publish","type":"page","link":"https:\/\/agenciaf2f.com\/lp\/marketing-de-saude\/","title":{"rendered":"Marketing de sa\u00fade &#8211; Ag\u00eancia F2F"},"content":{"rendered":"\n<head>\n<!-- Google Tag Manager -->\n<script>(function(w,d,s,l,i){w[l]=w[l]||[];w[l].push({'gtm.start':\nnew Date().getTime(),event:'gtm.js'});var f=d.getElementsByTagName(s)[0],\nj=d.createElement(s),dl=l!='dataLayer'?'&l='+l:'';j.async=true;j.src=\n'https:\/\/www.googletagmanager.com\/gtm.js?id='+i+dl;f.parentNode.insertBefore(j,f);\n})(window,document,'script','dataLayer','GTM-5NVPRXJ');<\/script>\n<!-- End Google Tag Manager -->\n<\/head>\n\n<body>\n<!-- Google Tag Manager (noscript) -->\n<noscript><iframe src=\"https:\/\/www.googletagmanager.com\/ns.html?id=GTM-5NVPRXJ\"\nheight=\"0\" width=\"0\" style=\"display:none;visibility:hidden\"><\/iframe><\/noscript>\n<!-- End Google Tag Manager (noscript) -->\n<\/body>\n\n\n\n<p>A F2F \u00e9 uma <strong><mark style=\"background-color:rgba(0, 0, 0, 0);color:#5234c5\" class=\"has-inline-color\">ag\u00eancia de marketing full service<\/mark><\/strong> com forte atua\u00e7\u00e3o em marketing de sa\u00fade.<\/p>\n\n\n\n<p><mark style=\"background-color:rgba(0, 0, 0, 0)\" class=\"has-inline-color has-white-color\">.<\/mark><\/p>\n\n\n\n<p>Temos experi\u00eancia em campanhas que, acima de tudo <strong><mark style=\"background-color:rgba(0, 0, 0, 0);color:#5234c5\" class=\"has-inline-color\">conectam marcas a p\u00fablicos estrat\u00e9gicos<\/mark><\/strong> como m\u00e9dicos, profissionais da sa\u00fade, pacientes e seus familiares, visitadores m\u00e9dicos e o p\u00fablico interno das empresas.<\/p>\n\n\n\n<p><mark style=\"background-color:rgba(0, 0, 0, 0)\" class=\"has-inline-color has-white-color\">.<\/mark><\/p>\n\n\n\n<p>Atuamos juntamente com empresas de diversos segmentos da sa\u00fade \u2014 hospitais, operadoras de sa\u00fade, farmac\u00eauticas e companhias de equipamentos m\u00e9dicos \u2014 sempre com <strong><mark style=\"background-color:rgba(0, 0, 0, 0);color:#5234c5\" class=\"has-inline-color\">campanhas criativas, integradas e em conformidade com as regulamenta\u00e7\u00f5es do setor<\/mark><\/strong>.<\/p>\n\n\n\n<p><mark style=\"background-color:rgba(0, 0, 0, 0)\" class=\"has-inline-color has-white-color\">.<\/mark><\/p>\n\n\n\n<div class=\"wp-block-buttons is-content-justification-center is-layout-flex wp-container-core-buttons-is-layout-1 wp-block-buttons-is-layout-flex\">\n<div class=\"wp-block-button\"><a class=\"wp-block-button__link has-text-align-center wp-element-button\" href=\"#form\">Fale com um de nossos especialistas<\/a><\/div>\n<\/div>\n\n\n\n<p><mark style=\"background-color:rgba(0, 0, 0, 0)\" class=\"has-inline-color has-white-color\">.<\/mark><\/p>\n\n\n\n<h2 class=\"wp-block-heading\"><mark style=\"background-color:rgba(0, 0, 0, 0);color:#520aa5\" class=\"has-inline-color\">Experi\u00eancia com grandes marcas no marketing de sa\u00fade<\/mark><\/h2>\n\n\n\n<figure class=\"wp-block-image size-large\"><img loading=\"lazy\" decoding=\"async\" width=\"1024\" height=\"576\" src=\"https:\/\/agenciaf2f.com\/lp\/wp-content\/uploads\/2025\/04\/Logos-grandes-marcas-Healthcare-1-1024x576.png\" alt=\"\" class=\"wp-image-1026\" srcset=\"https:\/\/agenciaf2f.com\/lp\/wp-content\/uploads\/2025\/04\/Logos-grandes-marcas-Healthcare-1-1024x576.png 1024w, https:\/\/agenciaf2f.com\/lp\/wp-content\/uploads\/2025\/04\/Logos-grandes-marcas-Healthcare-1-300x169.png 300w, https:\/\/agenciaf2f.com\/lp\/wp-content\/uploads\/2025\/04\/Logos-grandes-marcas-Healthcare-1-768x432.png 768w, https:\/\/agenciaf2f.com\/lp\/wp-content\/uploads\/2025\/04\/Logos-grandes-marcas-Healthcare-1.png 1366w\" sizes=\"auto, (max-width: 1024px) 100vw, 1024px\" \/><\/figure>\n\n\n\n<p>Na Ag\u00eancia F2F, a nossa experi\u00eancia no setor de marketing de sa\u00fade, bem como o poder da intelig\u00eancia artificial no marketing, tem finalmente o prop\u00f3sito de <strong><mark style=\"background-color:rgba(0, 0, 0, 0);color:#5234c5\" class=\"has-inline-color\">resolver as dores reais<\/mark><\/strong> de quem lidera o marketing em empresas de sa\u00fade, farma e healthcare.<\/p>\n\n\n\n<p><mark style=\"background-color:rgba(0, 0, 0, 0)\" class=\"has-inline-color has-white-color\">.<\/mark><\/p>\n\n\n\n<p>Conhe\u00e7a nossos cases <a href=\"https:\/\/agenciaf2f.com\/cases\/\">aqui<\/a>.<\/p>\n\n\n\n<h1 class=\"wp-block-heading\"><mark style=\"background-color:rgba(0, 0, 0, 0);color:#5234c5\" class=\"has-inline-color\"><strong>Aplicamos IA para:<\/strong><\/mark><\/h1>\n\n\n\n<h3 class=\"wp-block-heading\">Garantir conformidade regulat\u00f3ria em escala no marketing de sa\u00fade<\/h3>\n\n\n\n<p>Criamos agentes de IA treinados para sempre revisar conte\u00fados antes da publica\u00e7\u00e3o, identificando assim, riscos regulat\u00f3rios e acelerando o processo de aprova\u00e7\u00e3o com mais seguran\u00e7a.<\/p>\n\n\n\n<h3 class=\"wp-block-heading\">Ganhar agilidade sem perder qualidade<\/h3>\n\n\n\n<p>Usamos IA generativa e fluxos automatizados para reduzir drasticamente o tempo de produ\u00e7\u00e3o de campanhas, mantendo ainda mais consist\u00eancia e rigor t\u00e9cnico em cada pe\u00e7a.<\/p>\n\n\n\n<h3 class=\"wp-block-heading\">Falar com m\u00faltiplos p\u00fablicos, com precis\u00e3o<\/h3>\n\n\n\n<p>Conte\u00fados segmentados e otimizados para m\u00e9dicos, profissionais da sa\u00fade, pacientes, familiares, visitadores m\u00e9dicos e p\u00fablico interno \u2014 com linguagem e canais espec\u00edficos para cada um.<\/p>\n\n\n\n<h3 class=\"wp-block-heading\">Evitar retrabalho com processos mais inteligentes<\/h3>\n\n\n\n<p>Agentes de IA garantem que o briefing, a roteiriza\u00e7\u00e3o e a execu\u00e7\u00e3o sigam padr\u00f5es aprovados previamente. Dessa forma, reduzimos retrabalhos e aceleramos entregas.<\/p>\n\n\n\n<h3 class=\"wp-block-heading\">Tomar decis\u00f5es com base em dados, n\u00e3o achismos<\/h3>\n\n\n\n<p>Integramos dados de campanhas, CRM e comportamento digital para gerar relat\u00f3rios e insights cont\u00ednuos, sempre orientando decis\u00f5es estrat\u00e9gicas em tempo real.<br><\/p>\n\n\n\n<p><mark style=\"background-color:rgba(0, 0, 0, 0)\" class=\"has-inline-color has-white-color\">.<\/mark><\/p>\n\n\n\n<p><mark style=\"background-color:rgba(0, 0, 0, 0)\" class=\"has-inline-color has-white-color\">.<\/mark><\/p>\n\n\n\n<h1 class=\"wp-block-heading\" id=\"form\"><mark style=\"background-color:rgba(0, 0, 0, 0);color:#5234c5\" class=\"has-inline-color\"><strong>Quer reduzir refa\u00e7\u00f5es, acelerar aprova\u00e7\u00f5es e escalar resultados no marketing de sa\u00fade?<\/strong><\/mark><\/h1>\n","protected":false},"excerpt":{"rendered":"<p>A F2F \u00e9 uma ag\u00eancia de marketing full service com forte atua\u00e7\u00e3o em marketing de sa\u00fade. . Temos experi\u00eancia em campanhas que, acima de tudo conectam marcas a p\u00fablicos estrat\u00e9gicos como m\u00e9dicos, profissionais da sa\u00fade, pacientes e seus familiares, visitadores m\u00e9dicos e o p\u00fablico interno das empresas. . Atuamos juntamente com empresas de diversos segmentos [&hellip;]<\/p>\n","protected":false},"author":10,"featured_media":0,"parent":0,"menu_order":0,"comment_status":"closed","ping_status":"closed","template":"pages\/conteudos.php","meta":{"_acf_changed":false,"footnotes":""},"class_list":["post-962","page","type-page","status-publish","hentry"],"acf":[],"yoast_head":"<!-- This site is optimized with the Yoast SEO plugin v24.2 - https:\/\/yoast.com\/wordpress\/plugins\/seo\/ -->\n<title>Marketing de sa\u00fade - Ag\u00eancia F2F - F2F Digital | Landing Pages<\/title>\n<meta name=\"description\" content=\"A Ag\u00eancia F2F tem profunda experi\u00eancia no marketing de sa\u00fade, farmac\u00eauticos e healthcare. Trabalhamos com grandes marcas do setor!\" \/>\n<meta name=\"robots\" content=\"index, follow, max-snippet:-1, max-image-preview:large, max-video-preview:-1\" \/>\n<link rel=\"canonical\" href=\"https:\/\/agenciaf2f.com\/lp\/marketing-de-saude\/\" \/>\n<meta property=\"og:locale\" content=\"pt_BR\" \/>\n<meta property=\"og:type\" content=\"article\" \/>\n<meta property=\"og:title\" content=\"Marketing de sa\u00fade - Ag\u00eancia F2F - F2F Digital | Landing Pages\" \/>\n<meta property=\"og:description\" content=\"A Ag\u00eancia F2F tem profunda experi\u00eancia no marketing de sa\u00fade, farmac\u00eauticos e healthcare. Trabalhamos com grandes marcas do setor!\" \/>\n<meta property=\"og:url\" content=\"https:\/\/agenciaf2f.com\/lp\/marketing-de-saude\/\" \/>\n<meta property=\"og:site_name\" content=\"F2F Digital | Landing Pages\" \/>\n<meta property=\"article:modified_time\" content=\"2025-08-27T20:55:52+00:00\" \/>\n<meta property=\"og:image\" content=\"https:\/\/agenciaf2f.com\/lp\/wp-content\/uploads\/2025\/04\/Logos-grandes-marcas-Healthcare-1.png\" \/>\n\t<meta property=\"og:image:width\" content=\"1366\" \/>\n\t<meta property=\"og:image:height\" content=\"768\" \/>\n\t<meta property=\"og:image:type\" content=\"image\/png\" \/>\n<meta name=\"twitter:card\" content=\"summary_large_image\" \/>\n<meta name=\"twitter:label1\" content=\"Est. tempo de leitura\" \/>\n\t<meta name=\"twitter:data1\" content=\"2 minutos\" \/>\n<script type=\"application\/ld+json\" class=\"yoast-schema-graph\">{\"@context\":\"https:\/\/schema.org\",\"@graph\":[{\"@type\":\"WebPage\",\"@id\":\"https:\/\/agenciaf2f.com\/lp\/marketing-de-saude\/\",\"url\":\"https:\/\/agenciaf2f.com\/lp\/marketing-de-saude\/\",\"name\":\"Marketing de sa\u00fade - Ag\u00eancia F2F - F2F Digital | Landing Pages\",\"isPartOf\":{\"@id\":\"https:\/\/agenciaf2f.com\/lp\/#website\"},\"primaryImageOfPage\":{\"@id\":\"https:\/\/agenciaf2f.com\/lp\/marketing-de-saude\/#primaryimage\"},\"image\":{\"@id\":\"https:\/\/agenciaf2f.com\/lp\/marketing-de-saude\/#primaryimage\"},\"thumbnailUrl\":\"https:\/\/agenciaf2f.com\/lp\/wp-content\/uploads\/2025\/04\/Logos-grandes-marcas-Healthcare-1-1024x576.png\",\"datePublished\":\"2025-04-02T17:10:09+00:00\",\"dateModified\":\"2025-08-27T20:55:52+00:00\",\"description\":\"A Ag\u00eancia F2F tem profunda experi\u00eancia no marketing de sa\u00fade, farmac\u00eauticos e healthcare. Trabalhamos com grandes marcas do setor!\",\"breadcrumb\":{\"@id\":\"https:\/\/agenciaf2f.com\/lp\/marketing-de-saude\/#breadcrumb\"},\"inLanguage\":\"pt-BR\",\"potentialAction\":[{\"@type\":\"ReadAction\",\"target\":[\"https:\/\/agenciaf2f.com\/lp\/marketing-de-saude\/\"]}]},{\"@type\":\"ImageObject\",\"inLanguage\":\"pt-BR\",\"@id\":\"https:\/\/agenciaf2f.com\/lp\/marketing-de-saude\/#primaryimage\",\"url\":\"https:\/\/agenciaf2f.com\/lp\/wp-content\/uploads\/2025\/04\/Logos-grandes-marcas-Healthcare-1.png\",\"contentUrl\":\"https:\/\/agenciaf2f.com\/lp\/wp-content\/uploads\/2025\/04\/Logos-grandes-marcas-Healthcare-1.png\",\"width\":1366,\"height\":768},{\"@type\":\"BreadcrumbList\",\"@id\":\"https:\/\/agenciaf2f.com\/lp\/marketing-de-saude\/#breadcrumb\",\"itemListElement\":[{\"@type\":\"ListItem\",\"position\":1,\"name\":\"In\u00edcio\",\"item\":\"https:\/\/agenciaf2f.com\/lp\/\"},{\"@type\":\"ListItem\",\"position\":2,\"name\":\"Marketing de sa\u00fade &#8211; Ag\u00eancia F2F\"}]},{\"@type\":\"WebSite\",\"@id\":\"https:\/\/agenciaf2f.com\/lp\/#website\",\"url\":\"https:\/\/agenciaf2f.com\/lp\/\",\"name\":\"F2F Digital | Landing Pages\",\"description\":\"\",\"potentialAction\":[{\"@type\":\"SearchAction\",\"target\":{\"@type\":\"EntryPoint\",\"urlTemplate\":\"https:\/\/agenciaf2f.com\/lp\/?s={search_term_string}\"},\"query-input\":{\"@type\":\"PropertyValueSpecification\",\"valueRequired\":true,\"valueName\":\"search_term_string\"}}],\"inLanguage\":\"pt-BR\"}]}<\/script>\n<!-- \/ Yoast SEO plugin. -->","yoast_head_json":{"title":"Marketing de sa\u00fade - Ag\u00eancia F2F - F2F Digital | Landing Pages","description":"A Ag\u00eancia F2F tem profunda experi\u00eancia no marketing de sa\u00fade, farmac\u00eauticos e healthcare. Trabalhamos com grandes marcas do setor!","robots":{"index":"index","follow":"follow","max-snippet":"max-snippet:-1","max-image-preview":"max-image-preview:large","max-video-preview":"max-video-preview:-1"},"canonical":"https:\/\/agenciaf2f.com\/lp\/marketing-de-saude\/","og_locale":"pt_BR","og_type":"article","og_title":"Marketing de sa\u00fade - Ag\u00eancia F2F - F2F Digital | Landing Pages","og_description":"A Ag\u00eancia F2F tem profunda experi\u00eancia no marketing de sa\u00fade, farmac\u00eauticos e healthcare. Trabalhamos com grandes marcas do setor!","og_url":"https:\/\/agenciaf2f.com\/lp\/marketing-de-saude\/","og_site_name":"F2F Digital | Landing Pages","article_modified_time":"2025-08-27T20:55:52+00:00","og_image":[{"width":1366,"height":768,"url":"https:\/\/agenciaf2f.com\/lp\/wp-content\/uploads\/2025\/04\/Logos-grandes-marcas-Healthcare-1.png","type":"image\/png"}],"twitter_card":"summary_large_image","twitter_misc":{"Est. tempo de leitura":"2 minutos"},"schema":{"@context":"https:\/\/schema.org","@graph":[{"@type":"WebPage","@id":"https:\/\/agenciaf2f.com\/lp\/marketing-de-saude\/","url":"https:\/\/agenciaf2f.com\/lp\/marketing-de-saude\/","name":"Marketing de sa\u00fade - Ag\u00eancia F2F - F2F Digital | Landing Pages","isPartOf":{"@id":"https:\/\/agenciaf2f.com\/lp\/#website"},"primaryImageOfPage":{"@id":"https:\/\/agenciaf2f.com\/lp\/marketing-de-saude\/#primaryimage"},"image":{"@id":"https:\/\/agenciaf2f.com\/lp\/marketing-de-saude\/#primaryimage"},"thumbnailUrl":"https:\/\/agenciaf2f.com\/lp\/wp-content\/uploads\/2025\/04\/Logos-grandes-marcas-Healthcare-1-1024x576.png","datePublished":"2025-04-02T17:10:09+00:00","dateModified":"2025-08-27T20:55:52+00:00","description":"A Ag\u00eancia F2F tem profunda experi\u00eancia no marketing de sa\u00fade, farmac\u00eauticos e healthcare. Trabalhamos com grandes marcas do setor!","breadcrumb":{"@id":"https:\/\/agenciaf2f.com\/lp\/marketing-de-saude\/#breadcrumb"},"inLanguage":"pt-BR","potentialAction":[{"@type":"ReadAction","target":["https:\/\/agenciaf2f.com\/lp\/marketing-de-saude\/"]}]},{"@type":"ImageObject","inLanguage":"pt-BR","@id":"https:\/\/agenciaf2f.com\/lp\/marketing-de-saude\/#primaryimage","url":"https:\/\/agenciaf2f.com\/lp\/wp-content\/uploads\/2025\/04\/Logos-grandes-marcas-Healthcare-1.png","contentUrl":"https:\/\/agenciaf2f.com\/lp\/wp-content\/uploads\/2025\/04\/Logos-grandes-marcas-Healthcare-1.png","width":1366,"height":768},{"@type":"BreadcrumbList","@id":"https:\/\/agenciaf2f.com\/lp\/marketing-de-saude\/#breadcrumb","itemListElement":[{"@type":"ListItem","position":1,"name":"In\u00edcio","item":"https:\/\/agenciaf2f.com\/lp\/"},{"@type":"ListItem","position":2,"name":"Marketing de sa\u00fade &#8211; Ag\u00eancia F2F"}]},{"@type":"WebSite","@id":"https:\/\/agenciaf2f.com\/lp\/#website","url":"https:\/\/agenciaf2f.com\/lp\/","name":"F2F Digital | Landing Pages","description":"","potentialAction":[{"@type":"SearchAction","target":{"@type":"EntryPoint","urlTemplate":"https:\/\/agenciaf2f.com\/lp\/?s={search_term_string}"},"query-input":{"@type":"PropertyValueSpecification","valueRequired":true,"valueName":"search_term_string"}}],"inLanguage":"pt-BR"}]}},"_links":{"self":[{"href":"https:\/\/agenciaf2f.com\/lp\/wp-json\/wp\/v2\/pages\/962","targetHints":{"allow":["GET"]}}],"collection":[{"href":"https:\/\/agenciaf2f.com\/lp\/wp-json\/wp\/v2\/pages"}],"about":[{"href":"https:\/\/agenciaf2f.com\/lp\/wp-json\/wp\/v2\/types\/page"}],"author":[{"embeddable":true,"href":"https:\/\/agenciaf2f.com\/lp\/wp-json\/wp\/v2\/users\/10"}],"replies":[{"embeddable":true,"href":"https:\/\/agenciaf2f.com\/lp\/wp-json\/wp\/v2\/comments?post=962"}],"version-history":[{"count":51,"href":"https:\/\/agenciaf2f.com\/lp\/wp-json\/wp\/v2\/pages\/962\/revisions"}],"predecessor-version":[{"id":1316,"href":"https:\/\/agenciaf2f.com\/lp\/wp-json\/wp\/v2\/pages\/962\/revisions\/1316"}],"wp:attachment":[{"href":"https:\/\/agenciaf2f.com\/lp\/wp-json\/wp\/v2\/media?parent=962"}],"curies":[{"name":"wp","href":"https:\/\/api.w.org\/{rel}","templated":true}]}}